{"id":110,"date":"2019-12-10T16:53:20","date_gmt":"2019-12-10T16:53:20","guid":{"rendered":"https:\/\/ilexgames.com.br\/main\/?page_id=110"},"modified":"2022-02-10T20:39:32","modified_gmt":"2022-02-10T20:39:32","slug":"estagio-game-design","status":"publish","type":"page","link":"https:\/\/ilexgames.com.br\/main\/vagas\/estagio-game-design\/","title":{"rendered":"Game Design &#8211; Nv.2"},"content":{"rendered":"\n<p>Tem interesse em desenvolver jogos, estuda em algum curso ligado a jogos digitais ou algum t\u00f3pico pr\u00f3ximo e gostaria de fazer est\u00e1gio remunerado em uma empresa de Campinas? <\/p>\n\n\n\n<p>Envie <strong>e-mail com o nome da vaga no assunto<\/strong> do e-mail e com endere\u00e7o de <strong>portif\u00f3lio <\/strong>e <strong>curr\u00edculo <\/strong>para:\u00a0<a href=\"mailto:contato@ilexgames.com.br\">contato@ilexgames.com.br<\/a> <\/p>\n\n\n\n<h2 class=\"has-vivid-cyan-blue-color has-text-color wp-block-heading\" id=\"requisitos\">Requisitos<\/h2>\n\n\n\n<ul class=\"wp-block-list\"><li>Experi\u00eancia em game design e portf\u00f3lio relacionado (podem ser jogos feitos para o curso e\/ou no tempo livre);<\/li><li>Experi\u00eancia no uso da Unity game engine;<\/li><li>Conhecimento de t\u00e9cnicas de balanceamento de sistemas;<\/li><li>Conhecimento de padr\u00f5es de documento de game design e sua fun\u00e7\u00e3o no desenvolvimento;<\/li><\/ul>\n\n\n\n<h2 class=\"has-vivid-cyan-blue-color has-text-color wp-block-heading\" id=\"bonus-points\">B\u00f4nus Points<\/h2>\n\n\n\n<ul class=\"wp-block-list\"><li>Cria\u00e7\u00e3o de jogos digitais com mec\u00e2nicas de puzzles;<\/li><li>Cria\u00e7\u00e3o de jogos digitais de plataforma 2D ou 3D;<\/li><li> J\u00e1 ter feito a configura\u00e7\u00e3o de jogos para alguma plataforma, como: Steam, itch.io, Google Play e AppStore; <\/li><li>Conhecimento do Twine, Fungus e\/ou Yarn Spinner; <\/li><li>Conhecimento de Analytics e an\u00e1lise de dados dos jogadores;<\/li><li>Paix\u00e3o por jogos indies;<\/li><li>J\u00e1 ter jogado nossos jogos; <\/li><li>Interesse pelo estudo de ocultismo;<\/li><\/ul>\n","protected":false},"excerpt":{"rendered":"<p>Tem interesse em desenvolver jogos, estuda em algum curso ligado a jogos digitais ou algum t\u00f3pico pr\u00f3ximo e gostaria de fazer est\u00e1gio remunerado em uma empresa de Campinas? Envie e-mail com o nome da vaga no assunto do e-mail e com endere\u00e7o de portif\u00f3lio e curr\u00edculo para:\u00a0contato@ilexgames.com.br Requisitos Experi\u00eancia em game design e portf\u00f3lio relacionado &hellip; <\/p>\n<p class=\"link-more\"><a href=\"https:\/\/ilexgames.com.br\/main\/vagas\/estagio-game-design\/\" class=\"more-link\">Continue reading<span class=\"screen-reader-text\"> &#8220;Game Design &#8211; Nv.2&#8221;<\/span><\/a><\/p>\n","protected":false},"author":1,"featured_media":0,"parent":93,"menu_order":0,"comment_status":"closed","ping_status":"closed","template":"","meta":{"footnotes":""},"class_list":["post-110","page","type-page","status-publish","hentry"],"_links":{"self":[{"href":"https:\/\/ilexgames.com.br\/main\/wp-json\/wp\/v2\/pages\/110","targetHints":{"allow":["GET"]}}],"collection":[{"href":"https:\/\/ilexgames.com.br\/main\/wp-json\/wp\/v2\/pages"}],"about":[{"href":"https:\/\/ilexgames.com.br\/main\/wp-json\/wp\/v2\/types\/page"}],"author":[{"embeddable":true,"href":"https:\/\/ilexgames.com.br\/main\/wp-json\/wp\/v2\/users\/1"}],"replies":[{"embeddable":true,"href":"https:\/\/ilexgames.com.br\/main\/wp-json\/wp\/v2\/comments?post=110"}],"version-history":[{"count":4,"href":"https:\/\/ilexgames.com.br\/main\/wp-json\/wp\/v2\/pages\/110\/revisions"}],"predecessor-version":[{"id":147,"href":"https:\/\/ilexgames.com.br\/main\/wp-json\/wp\/v2\/pages\/110\/revisions\/147"}],"up":[{"embeddable":true,"href":"https:\/\/ilexgames.com.br\/main\/wp-json\/wp\/v2\/pages\/93"}],"wp:attachment":[{"href":"https:\/\/ilexgames.com.br\/main\/wp-json\/wp\/v2\/media?parent=110"}],"curies":[{"name":"wp","href":"https:\/\/api.w.org\/{rel}","templated":true}]}}