{"id":159,"date":"2022-08-12T18:10:15","date_gmt":"2022-08-12T18:10:15","guid":{"rendered":"https:\/\/ilexgames.com.br\/main\/?page_id=159"},"modified":"2023-09-16T22:04:27","modified_gmt":"2023-09-16T22:04:27","slug":"termos-de-uso-jogo-pon","status":"publish","type":"page","link":"https:\/\/ilexgames.com.br\/main\/pon-docs\/termos-de-uso-jogo-pon\/","title":{"rendered":"Termos de Uso do jogo PoN! a Ilha dos Tatus"},"content":{"rendered":"\n<div class=\"wp-block-columns is-layout-flex wp-container-core-columns-is-layout-9d6595d7 wp-block-columns-is-layout-flex\">\n<div class=\"wp-block-column is-layout-flow wp-block-column-is-layout-flow\" style=\"flex-basis:100%\">\n<div class=\"wp-block-group is-nowrap is-layout-flex wp-container-core-group-is-layout-ad2f72ca wp-block-group-is-layout-flex\">\n<div class=\"wp-block-buttons is-content-justification-left is-layout-flex wp-container-core-buttons-is-layout-cf25e3cc wp-block-buttons-is-layout-flex\">\n<div class=\"wp-block-button is-style-fill\"><a class=\"wp-block-button__link wp-element-button\" href=\"https:\/\/ilexgames.com.br\/main\/terms-of-use-pon-en\/\">ENGLISH<\/a><\/div>\n\n\n\n<div class=\"wp-block-button is-style-fill\"><a class=\"wp-block-button__link wp-element-button\" href=\"https:\/\/ilexgames.com.br\/main\/pon-docs\/terminos-de-uso-pon-es\/\">SPANISH<\/a><\/div>\n\n\n\n<div class=\"wp-block-button\"><a class=\"wp-block-button__link wp-element-button\" href=\"https:\/\/ilexgames.com.br\/main\/pon-docs\/nutzungsbedingungen-pon-de\/\">DEUTSCH<\/a><\/div>\n<\/div>\n<\/div>\n<\/div>\n<\/div>\n\n\n\n<p>O PoN! A Ilha dos Tatus estabelece algumas condi\u00e7\u00f5es ao jogador durante a utiliza\u00e7\u00e3o do jogo e das partidas.<br>As Partes deste termo s\u00e3o: O Instituto Cultural da Dinamarca (ICD), no final do termo qualificado, e o Jogador, o usu\u00e1rio desta plataforma.<\/p>\n\n\n\n<ol class=\"wp-block-list\">\n<li>Ao jogar o PoN! A ilha dos tatus, o jogador declara que leu o presente termo em sua integralidade e que est\u00e1 de acordo com as condi\u00e7\u00f5es estabelecidas, tendo este efeito imediato ap\u00f3s o uso da ferramenta.<br>1.1. Caso voc\u00ea n\u00e3o concorde com qualquer condi\u00e7\u00e3o abaixo estabelecida, voc\u00ea n\u00e3o dever\u00e1 acessar ou utilizar-se do site ou recursos dispon\u00edveis por ele.<\/li>\n\n\n\n<li>A presente pol\u00edtica \u00e9 v\u00e1lida em todo o territ\u00f3rio nacional e se aplica em toda a regi\u00e3o das Am\u00e9ricas.<\/li>\n\n\n\n<li>As condi\u00e7\u00f5es aqui estabelecidas ter\u00e3o validade durante todo o per\u00edodo de disponibiliza\u00e7\u00e3o do jogo PoN! A Ilha dos Tatus aos jogadores.<\/li>\n\n\n\n<li>O acesso ao jogo ocorrer\u00e1 em smartphone e computador com provedor apple ou android e ser\u00e1 gratuito, sendo conectado atrav\u00e9s da internet.<\/li>\n\n\n\n<li>O Jogador declara ser maior de 13 (treze) anos ou estar sendo assistido pelo seu respons\u00e1vel durante a utiliza\u00e7\u00e3o do Jogo.<br>5.1. O ICD n\u00e3o se responsabiliza pelo acesso ao Jogo por menores de idades ou por n\u00e3o estarem acompanhados de seus respons\u00e1veis.<\/li>\n\n\n\n<li>Todos os direitos autorais do PoN! A ilha dos tatus \u00e9 reservada ao ICD.<br>6.1. Quaisquer c\u00f3pias ou reprodu\u00e7\u00f5es n\u00e3o autorizadas estar\u00e3o infringindo a lei e o presente termo, cabendo a Pessoa Infratora responsabilizar-se.<br>6.2. O c\u00f3digo fonte do jogo \u00e9 de propriedade do ICD e o acesso indevido ser\u00e1 interpretado como Apropria\u00e7\u00e3o Ind\u00e9bita, nos termos do C\u00f3digo Penal Brasileiro.<\/li>\n\n\n\n<li>N\u00e3o poder\u00e1 o Jogador, durante as partidas ou na utiliza\u00e7\u00e3o da plataforma praticar a\u00e7\u00f5es, indu\u00e7\u00f5es ou incita\u00e7\u00f5es que propague o machismo, racismo, sexismo, homofobia, transfobia, xenofobia, ageismo, intoler\u00e2ncia religiosa ou qualquer outra forma de discrimina\u00e7\u00e3o.<\/li>\n\n\n\n<li>O ICD n\u00e3o se responsabiliza pelas a\u00e7\u00f5es praticadas pelos Jogadores durante as partidas.<\/li>\n\n\n\n<li>O ICD compromete-se a tomar todas as medidas necess\u00e1rias para respeitar a Lei Geral de Prote\u00e7\u00e3o de Dados (Lei n\u00ba 13.709, de 14 de agosto de 2018).<\/li>\n\n\n\n<li>O ICD poder\u00e1 alterar o presente Termo de Uso a qualquer momento, devendo o Jogador rev\u00ea-lo regularmente para certificar que est\u00e1 de acordo com as condi\u00e7\u00f5es e altera\u00e7\u00f5es implementadas. A utiliza\u00e7\u00e3o da plataforma ser\u00e1 entendida como aceite as condi\u00e7\u00f5es.<\/li>\n\n\n\n<li>O titular de todos os direitos \u00e9 o ICD &#8211; Instituto Cultural da Dinamarca, devidamente inscrito no CNPJ sob o n\u00ba 09.334.550\/0001-11.<\/li>\n<\/ol>\n\n\n\n<div class=\"wp-block-buttons is-content-justification-center is-layout-flex wp-container-core-buttons-is-layout-16018d1d wp-block-buttons-is-layout-flex\">\n<div class=\"wp-block-button\"><a class=\"wp-block-button__link has-text-align-right wp-element-button\" href=\"https:\/\/ilexgames.com.br\/main\/pon-docs\/privacidade-jogo-pon\/\">Pol\u00edtica de Privacidade<\/a><\/div>\n<\/div>\n","protected":false},"excerpt":{"rendered":"<p>O PoN! A Ilha dos Tatus estabelece algumas condi\u00e7\u00f5es ao jogador durante a utiliza\u00e7\u00e3o do jogo e das partidas.As Partes deste termo s\u00e3o: O Instituto Cultural da Dinamarca (ICD), no final do termo qualificado, e o Jogador, o usu\u00e1rio desta plataforma.<\/p>\n","protected":false},"author":1,"featured_media":0,"parent":180,"menu_order":0,"comment_status":"closed","ping_status":"closed","template":"","meta":{"footnotes":""},"class_list":["post-159","page","type-page","status-publish","hentry"],"_links":{"self":[{"href":"https:\/\/ilexgames.com.br\/main\/wp-json\/wp\/v2\/pages\/159","targetHints":{"allow":["GET"]}}],"collection":[{"href":"https:\/\/ilexgames.com.br\/main\/wp-json\/wp\/v2\/pages"}],"about":[{"href":"https:\/\/ilexgames.com.br\/main\/wp-json\/wp\/v2\/types\/page"}],"author":[{"embeddable":true,"href":"https:\/\/ilexgames.com.br\/main\/wp-json\/wp\/v2\/users\/1"}],"replies":[{"embeddable":true,"href":"https:\/\/ilexgames.com.br\/main\/wp-json\/wp\/v2\/comments?post=159"}],"version-history":[{"count":8,"href":"https:\/\/ilexgames.com.br\/main\/wp-json\/wp\/v2\/pages\/159\/revisions"}],"predecessor-version":[{"id":213,"href":"https:\/\/ilexgames.com.br\/main\/wp-json\/wp\/v2\/pages\/159\/revisions\/213"}],"up":[{"embeddable":true,"href":"https:\/\/ilexgames.com.br\/main\/wp-json\/wp\/v2\/pages\/180"}],"wp:attachment":[{"href":"https:\/\/ilexgames.com.br\/main\/wp-json\/wp\/v2\/media?parent=159"}],"curies":[{"name":"wp","href":"https:\/\/api.w.org\/{rel}","templated":true}]}}