{"id":161,"date":"2022-08-12T18:18:43","date_gmt":"2022-08-12T18:18:43","guid":{"rendered":"https:\/\/ilexgames.com.br\/main\/?page_id=161"},"modified":"2023-09-16T22:09:46","modified_gmt":"2023-09-16T22:09:46","slug":"privacidade-jogo-pon","status":"publish","type":"page","link":"https:\/\/ilexgames.com.br\/main\/pon-docs\/privacidade-jogo-pon\/","title":{"rendered":"Pol\u00edtica de Privacidade do jogo: PoN! a Ilha dos Tatus"},"content":{"rendered":"\n<div class=\"wp-block-buttons is-layout-flex wp-block-buttons-is-layout-flex\">\n<div class=\"wp-block-button\"><a class=\"wp-block-button__link wp-element-button\" href=\"https:\/\/ilexgames.com.br\/main\/privacy-policy-pon-en\/\">ENGLISH<\/a><\/div>\n\n\n\n<div class=\"wp-block-button\"><a class=\"wp-block-button__link wp-element-button\" href=\"https:\/\/ilexgames.com.br\/main\/pon-docs\/politica-de-privacidad-pon-es\/\">SPANISH<\/a><\/div>\n\n\n\n<div class=\"wp-block-button\"><a class=\"wp-block-button__link wp-element-button\" href=\"https:\/\/ilexgames.com.br\/main\/pon-docs\/nutzungsbedingungen-pon-de\/\">DEUTSCH<\/a><\/div>\n<\/div>\n\n\n\n<ol class=\"wp-block-list\">\n<li>O Jogo PoN! A Ilha dos Tatus assume o compromisso com a seguran\u00e7a, privacidade e transpar\u00eancia no tratamento das informa\u00e7\u00f5es de seus Jogadores, cumprindo a Lei Geral de Prote\u00e7\u00e3o de Dados Pessoais &#8211; LGPD (Lei n\u00ba 13.709\/2018) e o C\u00f3digo de Defesa do Consumidor.<\/li>\n\n\n\n<li>A presente pol\u00edtica de privacidade visa estabelecer as condi\u00e7\u00f5es de coleta e tratamento das informa\u00e7\u00f5es obtidas dos Jogadores no acesso da plataforma do jogo PoN! a Ilha dos Tatus.<\/li>\n\n\n\n<li>A presente pol\u00edtica \u00e9 v\u00e1lida em todo o territ\u00f3rio nacional e se aplica em toda a regi\u00e3o das Am\u00e9ricas.<\/li>\n\n\n\n<li>As condi\u00e7\u00f5es aqui estabelecidas ter\u00e3o validade durante todo o per\u00edodo de disponibiliza\u00e7\u00e3o do jogo PoN! A Ilha dos Tatus aos jogadores.<\/li>\n\n\n\n<li>O jogo PoN! A Ilha dos Tatus coleta informa\u00e7\u00f5es necess\u00e1rias para identifica\u00e7\u00e3o do Jogador, seja ela direta ou indiretamente, incluindo a localiza\u00e7\u00e3o e dados do navegador (cookies).<br>5.1. As informa\u00e7\u00f5es anonimizadas n\u00e3o s\u00e3o consideradas para fins da presente pol\u00edtica de privacidade.<\/li>\n\n\n\n<li>O jogador fornecer\u00e1 ao ICD o seu nome e seu e-mail, com a finalidade de cadastramento no Jogo PoN!<\/li>\n\n\n\n<li>N\u00e3o haver\u00e1 o compartilhamento das informa\u00e7\u00f5es com terceiro sem o consentimento dos Jogadores.<\/li>\n\n\n\n<li>O jogo PoN! A Ilha dos Tatus coleta dados pessoais do Jogador, como: nome, e-mail e IP. Tais informa\u00e7\u00f5es s\u00e3o coletadas no momento em que o Jogador faz o cadastro para acessar a plataforma do jogo.<\/li>\n\n\n\n<li>Durante as partidas do jogo ser\u00e3o coletadas informa\u00e7\u00f5es de comportamento e localidade.<\/li>\n\n\n\n<li>O jogo ser\u00e1 acessado pelo cadastro j\u00e1 existente do jogador em outras plataformas. Estas plataformas compartilham os dados pessoais dos jogadores.<br>10.1. Os dados pessoais s\u00e3o utilizados apenas para fins de concess\u00e3o de acessos e pesquisa.<br>10.2. Os dados pessoais obtidos pelo jogo PoN! A Ilha dos Tatus n\u00e3o \u00e9 comercializada.<\/li>\n\n\n\n<li>As informa\u00e7\u00f5es coletadas e armazenadas ser\u00e3o de uso exclusivo do jogo PoN! A Ilha dos Tatus para acesso e a comunica\u00e7\u00e3o com o Jogador.<br>11.1. O Jogador d\u00e1 consentimento ao uso das informa\u00e7\u00f5es fornecidas, nos moldes do art. 7\u00ba da LGPD, no ato de cadastramento.<\/li>\n\n\n\n<li>O jogo PoN! A Ilha dos Tatus n\u00e3o se responsabiliza por quaisquer danos que o Jogador achar que sofreu em decorr\u00eancia do fornecimento das informa\u00e7\u00f5es.<\/li>\n\n\n\n<li>O Jogador poder\u00e1 retificar as informa\u00e7\u00f5es fornecidas ao jogo PoN! A Ilha dos Tatus a qualquer momento.<br>13.1. Dever\u00e1 encaminhar e-mail \u00e0 dki@danishculture.org.br solicitando a altera\u00e7\u00e3o.<\/li>\n\n\n\n<li>O jogo PoN! A Ilha dos Tatus n\u00e3o responder\u00e1 por danos que o Jogador achar sofrer em decorr\u00eancia do fornecimento err\u00f4neo de suas informa\u00e7\u00f5es pessoais.<\/li>\n\n\n\n<li>O jogo PoN! A Ilha dos Tatus manter\u00e1 os dados fornecidos em seu banco de informa\u00e7\u00f5es enquanto o Jogador permitir, podendo este, a qualquer momento, realizar o descadastramento da plataforma.<br>15.1. O mero descadastramento n\u00e3o \u00e9 suficiente para a retirada das informa\u00e7\u00f5es no banco. Para isto o Jogador dever\u00e1 enviar e-mail \u00e0 dki@danishculture.org.br para solicitar exclus\u00e3o total de suas informa\u00e7\u00f5es.<br>15.1.1. O jogo PoN! A Ilha dos Tatus ter\u00e1 10 dias \u00fateis para realizar a exclus\u00e3o das informa\u00e7\u00f5es.<br>15.2. As informa\u00e7\u00f5es fornecidas pelo Jogador ser\u00e3o mantidas no banco de informa\u00e7\u00f5es por tempo indeterminado.<\/li>\n\n\n\n<li>O jogo PoN! A Ilha dos Tatus poder\u00e1 alterar a presente Pol\u00edtica de Privacidade a qualquer momento, devendo o Jogador rev\u00ea-lo regularmente para certificar que est\u00e1 de acordo com as condi\u00e7\u00f5es e altera\u00e7\u00f5es implementadas. A utiliza\u00e7\u00e3o da plataforma entender\u00e1 como aceite as condi\u00e7\u00f5es.<\/li>\n<\/ol>\n\n\n\n<div class=\"wp-block-buttons is-content-justification-center is-layout-flex wp-container-core-buttons-is-layout-16018d1d wp-block-buttons-is-layout-flex\">\n<div class=\"wp-block-button\"><a class=\"wp-block-button__link wp-element-button\" href=\"https:\/\/ilexgames.com.br\/main\/pon-docs\/termos-de-uso-jogo-pon\/\">Termos de Uso<\/a><\/div>\n<\/div>\n","protected":false},"excerpt":{"rendered":"","protected":false},"author":1,"featured_media":0,"parent":180,"menu_order":1,"comment_status":"closed","ping_status":"closed","template":"","meta":{"footnotes":""},"class_list":["post-161","page","type-page","status-publish","hentry"],"_links":{"self":[{"href":"https:\/\/ilexgames.com.br\/main\/wp-json\/wp\/v2\/pages\/161","targetHints":{"allow":["GET"]}}],"collection":[{"href":"https:\/\/ilexgames.com.br\/main\/wp-json\/wp\/v2\/pages"}],"about":[{"href":"https:\/\/ilexgames.com.br\/main\/wp-json\/wp\/v2\/types\/page"}],"author":[{"embeddable":true,"href":"https:\/\/ilexgames.com.br\/main\/wp-json\/wp\/v2\/users\/1"}],"replies":[{"embeddable":true,"href":"https:\/\/ilexgames.com.br\/main\/wp-json\/wp\/v2\/comments?post=161"}],"version-history":[{"count":7,"href":"https:\/\/ilexgames.com.br\/main\/wp-json\/wp\/v2\/pages\/161\/revisions"}],"predecessor-version":[{"id":220,"href":"https:\/\/ilexgames.com.br\/main\/wp-json\/wp\/v2\/pages\/161\/revisions\/220"}],"up":[{"embeddable":true,"href":"https:\/\/ilexgames.com.br\/main\/wp-json\/wp\/v2\/pages\/180"}],"wp:attachment":[{"href":"https:\/\/ilexgames.com.br\/main\/wp-json\/wp\/v2\/media?parent=161"}],"curies":[{"name":"wp","href":"https:\/\/api.w.org\/{rel}","templated":true}]}}