{"id":191,"date":"2023-09-16T21:34:02","date_gmt":"2023-09-16T21:34:02","guid":{"rendered":"https:\/\/ilexgames.com.br\/main\/?page_id=191"},"modified":"2023-09-16T22:04:38","modified_gmt":"2023-09-16T22:04:38","slug":"terminos-de-uso-pon-es","status":"publish","type":"page","link":"https:\/\/ilexgames.com.br\/main\/pon-docs\/terminos-de-uso-pon-es\/","title":{"rendered":"PoN! la Isla de los Tat\u00fas &#8211; T\u00e9rminos de uso"},"content":{"rendered":"\n<div class=\"wp-block-buttons is-layout-flex wp-block-buttons-is-layout-flex\">\n<div class=\"wp-block-button\"><a class=\"wp-block-button__link wp-element-button\" href=\"https:\/\/ilexgames.com.br\/main\/pon-docs\/terms-of-use-pon-en\/\">ENGLISH<\/a><\/div>\n\n\n\n<div class=\"wp-block-button\"><a class=\"wp-block-button__link wp-element-button\" href=\"https:\/\/ilexgames.com.br\/main\/pon-docs\/termos-de-uso-jogo-pon\/\">PORTUGUESE<\/a><\/div>\n\n\n\n<div class=\"wp-block-button\"><a class=\"wp-block-button__link wp-element-button\" href=\"https:\/\/ilexgames.com.br\/main\/pon-docs\/nutzungsbedingungen-pon-de\/\">DEUTSCH<\/a><\/div>\n<\/div>\n\n\n\n<p>PoN! La Isla de los Tat\u00fas establece ciertas condiciones para el jugador durante el uso del juego y las partidas.<\/p>\n\n\n\n<p>Las Partes de este t\u00e9rmino son: el Instituto Cultural de Dinamarca (ICD) al final del t\u00e9rmino cualificado, y el Jugador, el usuario de esta plataforma.<\/p>\n\n\n\n<ol class=\"wp-block-list\" type=\"1\">\n<li>Al jugar a PoN! La Isla de los Tat\u00fas, el jugador declara que ha le\u00eddo el presente t\u00e9rmino en su totalidad y que est\u00e1 de acuerdo con las condiciones establecidas, teniendo este efecto inmediato tras el uso de la herramienta.<\/li>\n<\/ol>\n\n\n\n<p>a. Si no est\u00e1 de acuerdo con alguna de las condiciones establecidas a continuaci\u00f3n, no debe acceder ni utilizar el Sitio Web o los recursos disponibles.<\/p>\n\n\n\n<ol class=\"wp-block-list\" type=\"1\" start=\"2\">\n<li>La presente pol\u00edtica es v\u00e1lida en todo el territorio nacional y se aplica en toda la regi\u00f3n de las Am\u00e9ricas.<\/li>\n\n\n\n<li>Las condiciones aqu\u00ed establecidas ser\u00e1n v\u00e1lidas durante todo el periodo de disponibilidad del juego PoN! La Isla de los Tat\u00fas a los jugadores.<\/li>\n\n\n\n<li>El acceso al juego se realizar\u00e1 en smartphone y ordenador con proveedor apple o android y ser\u00e1 gratuito, siendo conectado a trav\u00e9s de internet.<\/li>\n\n\n\n<li>El Jugador declara ser mayor de 13 (trece) a\u00f1os o estar siendo asistido por su responsable durante la utilizaci\u00f3n del Juego.<\/li>\n<\/ol>\n\n\n\n<p>a. El ICD no se hace responsable del acceso al Juego de menores o de menores que no est\u00e9n acompa\u00f1ados por sus tutores.<\/p>\n\n\n\n<ol class=\"wp-block-list\" type=\"1\" start=\"6\">\n<li>Todos los derechos de autor de \u00a1PoN! La isla de los Tat\u00fas est\u00e1 reservada al ICD<\/li>\n<\/ol>\n\n\n\n<p>a. Infringir\u00e1 la ley y este t\u00e9rmino, y la Persona Infractora ser\u00e1 responsable. Cualquier copia o reproducci\u00f3n no autorizada infringir\u00e1 la ley y este t\u00e9rmino, y la Persona Infractora ser\u00e1 responsable.<\/p>\n\n\n\n<p>b. El c\u00f3digo fuente del juego es propiedad del ICD y el acceso indebido ser\u00e1 interpretado como Apropiaci\u00f3n Indebida, en los t\u00e9rminos del C\u00f3digo Penal Brasile\u00f1o.<\/p>\n\n\n\n<ol class=\"wp-block-list\" type=\"1\" start=\"7\">\n<li>El Jugador no podr\u00e1, durante los partidos o en la utilizaci\u00f3n de la plataforma practicar acciones, inducciones o incitaciones que propaguen el machismo, racismo, sexismo, homofobia, transfobia, xenofobia, edadismo, intolerancia religiosa o cualquier otra forma de discriminaci\u00f3n.<\/li>\n\n\n\n<li>El ICD no es responsable de las acciones de los Jugadores durante los partidos. El ICD no se responsabiliza por las acciones practicadas por los Jugadores durante los partidos.<\/li>\n\n\n\n<li>El ICD se compromete a tomar todas las medidas necesarias para cumplir con la Ley General de Protecci\u00f3n de Datos (Ley N\u00ba 13.709 de 14 de agosto de 2018).<\/li>\n\n\n\n<li>El ICD podr\u00e1 modificar este T\u00e9rmino de Uso en cualquier momento, debiendo el Jugador revisarlo regularmente para certificar que est\u00e1 de acuerdo con las condiciones y modificaciones implementadas. El uso de la plataforma implicar\u00e1 la aceptaci\u00f3n de las condiciones.<\/li>\n\n\n\n<li>El titular de todos los derechos es el ICD &#8211; Instituto Cultural de Dinamarca, debidamente registrado en el CNPJ con el n\u00ba 09.334.550\/0001-11<\/li>\n<\/ol>\n\n\n\n<div class=\"wp-block-buttons is-content-justification-center is-layout-flex wp-container-core-buttons-is-layout-16018d1d wp-block-buttons-is-layout-flex\">\n<div class=\"wp-block-button\"><a class=\"wp-block-button__link wp-element-button\" href=\"https:\/\/ilexgames.com.br\/main\/pon-docs\/politica-de-privacidad-pon-es\/\">Pol\u00edtica de privacidad<\/a><\/div>\n<\/div>\n","protected":false},"excerpt":{"rendered":"<p>PoN! La Isla de los Tat\u00fas establece ciertas condiciones para el jugador durante el uso del juego y las partidas. Las Partes de este t\u00e9rmino son: el Instituto Cultural de Dinamarca (ICD) al final del t\u00e9rmino cualificado, y el Jugador, el usuario de esta plataforma. a. Si no est\u00e1 de acuerdo con alguna de las &hellip; <\/p>\n<p class=\"link-more\"><a href=\"https:\/\/ilexgames.com.br\/main\/pon-docs\/terminos-de-uso-pon-es\/\" class=\"more-link\">Continue reading<span class=\"screen-reader-text\"> &#8220;PoN! la Isla de los Tat\u00fas &#8211; T\u00e9rminos de uso&#8221;<\/span><\/a><\/p>\n","protected":false},"author":1,"featured_media":0,"parent":180,"menu_order":4,"comment_status":"closed","ping_status":"closed","template":"","meta":{"footnotes":""},"class_list":["post-191","page","type-page","status-publish","hentry"],"_links":{"self":[{"href":"https:\/\/ilexgames.com.br\/main\/wp-json\/wp\/v2\/pages\/191","targetHints":{"allow":["GET"]}}],"collection":[{"href":"https:\/\/ilexgames.com.br\/main\/wp-json\/wp\/v2\/pages"}],"about":[{"href":"https:\/\/ilexgames.com.br\/main\/wp-json\/wp\/v2\/types\/page"}],"author":[{"embeddable":true,"href":"https:\/\/ilexgames.com.br\/main\/wp-json\/wp\/v2\/users\/1"}],"replies":[{"embeddable":true,"href":"https:\/\/ilexgames.com.br\/main\/wp-json\/wp\/v2\/comments?post=191"}],"version-history":[{"count":4,"href":"https:\/\/ilexgames.com.br\/main\/wp-json\/wp\/v2\/pages\/191\/revisions"}],"predecessor-version":[{"id":214,"href":"https:\/\/ilexgames.com.br\/main\/wp-json\/wp\/v2\/pages\/191\/revisions\/214"}],"up":[{"embeddable":true,"href":"https:\/\/ilexgames.com.br\/main\/wp-json\/wp\/v2\/pages\/180"}],"wp:attachment":[{"href":"https:\/\/ilexgames.com.br\/main\/wp-json\/wp\/v2\/media?parent=191"}],"curies":[{"name":"wp","href":"https:\/\/api.w.org\/{rel}","templated":true}]}}