{"id":194,"date":"2023-09-16T21:41:51","date_gmt":"2023-09-16T21:41:51","guid":{"rendered":"https:\/\/ilexgames.com.br\/main\/?page_id=194"},"modified":"2023-09-16T22:09:54","modified_gmt":"2023-09-16T22:09:54","slug":"politica-de-privacidad-pon-es","status":"publish","type":"page","link":"https:\/\/ilexgames.com.br\/main\/pon-docs\/politica-de-privacidad-pon-es\/","title":{"rendered":"PoN! la Isla de los Tat\u00fas &#8211; Pol\u00edtica de privacidad"},"content":{"rendered":"\n<div class=\"wp-block-buttons is-layout-flex wp-block-buttons-is-layout-flex\">\n<div class=\"wp-block-button\"><a class=\"wp-block-button__link wp-element-button\" href=\"https:\/\/ilexgames.com.br\/main\/pon-docs\/privacy-policy-pon-en\/\">ENGLISH<\/a><\/div>\n\n\n\n<div class=\"wp-block-button\"><a class=\"wp-block-button__link wp-element-button\" href=\"https:\/\/ilexgames.com.br\/main\/pon-docs\/privacidade-jogo-pon\/\">PORTUGUESE<\/a><\/div>\n\n\n\n<div class=\"wp-block-button\"><a class=\"wp-block-button__link wp-element-button\" href=\"https:\/\/ilexgames.com.br\/main\/pon-docs\/nutzungsbedingungen-pon-de\/\">DEUTSCH<\/a><\/div>\n<\/div>\n\n\n\n<ol class=\"wp-block-list\" type=\"1\">\n<li>El juego PoN! La Isla de los Tat\u00fas se compromete con la seguridad, privacidad y transparencia en el tratamiento de la informaci\u00f3n de sus Jugadores, cumpliendo la Ley General de Protecci\u00f3n de Datos Personales &#8211; LGPD (Ley n\u00ba 13.709\/2018) y el C\u00f3digo de Defensa del Consumidor.<\/li>\n\n\n\n<li>La presente pol\u00edtica de privacidad tiene por objeto establecer las condiciones de recopilaci\u00f3n y tratamiento de la informaci\u00f3n obtenida de los Jugadores al acceder a la plataforma de juego PoN! La Isla de los Tat\u00fas.<\/li>\n\n\n\n<li>Esta pol\u00edtica es v\u00e1lida en todo el territorio nacional y se aplica en toda la regi\u00f3n de las Am\u00e9ricas.<\/li>\n\n\n\n<li>Las condiciones aqu\u00ed establecidas ser\u00e1n v\u00e1lidas durante todo el periodo de disponibilidad del juego PoN! La Isla de los Tat\u00fas a los jugadores.<\/li>\n\n\n\n<li>\u00a1El juego PoN! La Isla do los Tat\u00fas recopila informaci\u00f3n necesaria para identificar al Jugador, ya sea directa o indirectamente, incluyendo datos de localizaci\u00f3n y del navegador (cookies).<\/li>\n<\/ol>\n\n\n\n<p>5.1. La informaci\u00f3n anonimizada no se considera a efectos de la presente pol\u00edtica de privacidad.<\/p>\n\n\n\n<ol class=\"wp-block-list\" type=\"1\" start=\"6\">\n<li>El jugador facilitar\u00e1 al ICD su nombre y direcci\u00f3n de correo electr\u00f3nico con el fin de registrarse en el Juego PoN!<\/li>\n\n\n\n<li>Ninguna informaci\u00f3n ser\u00e1 compartida con terceros sin el consentimiento del jugador.<\/li>\n\n\n\n<li>El juego PoN! La Isla de los Tat\u00fas recopila datos personales del jugador, como: nombre, correo electr\u00f3nico e IP. Dicha informaci\u00f3n se recopila en el momento en que el Jugador se registra para acceder a la plataforma del juego.<\/li>\n\n\n\n<li>Durante las partidas del juego se recopilar\u00e1 informaci\u00f3n de comportamiento y ubicaci\u00f3n.<\/li>\n\n\n\n<li>Se acceder\u00e1 al juego a trav\u00e9s del registro existente del jugador en otras plataformas. Estas plataformas comparten los datos personales de los jugadores.<\/li>\n<\/ol>\n\n\n\n<p>10.1 Los datos personales s\u00f3lo se utilizan con fines de acceso e investigaci\u00f3n. Los datos personales solo se utilizan con fines de concesi\u00f3n de acceso e investigaci\u00f3n.<\/p>\n\n\n\n<p>10.2 Los datos personales obtenidos por el juego PoN! no se comercializan.<\/p>\n\n\n\n<ol class=\"wp-block-list\" start=\"11\">\n<li>La informaci\u00f3n recopilada y almacenada ser\u00e1 de uso exclusivo del juego PoN! La Isla de los Tat\u00fas para el acceso y la comunicaci\u00f3n con el Jugador.<\/li>\n<\/ol>\n\n\n\n<p>11.1 El Jugador consiente el uso de la informaci\u00f3n facilitada, seg\u00fan lo establecido en el art. 7 de la LGPD, en el momento de la inscripci\u00f3n.<\/p>\n\n\n\n<ol class=\"wp-block-list\" start=\"12\">\n<li>El juego PoN! La Isla de los Tat\u00fas no se responsabiliza por cualquier da\u00f1o que el considere haber sufrido como resultado de proporcionar la informaci\u00f3n.<\/li>\n\n\n\n<li>El Jugador podr\u00e1 rectificar la informaci\u00f3n proporcionada al juego PoN! La Isla de los Tat\u00fas en cualquier momento.<\/li>\n<\/ol>\n\n\n\n<p>13.1 Deber\u00e1 enviar un correo electr\u00f3nico a dki@danishculture.org.br solicitando el cambio.<\/p>\n\n\n\n<ol class=\"wp-block-list\" start=\"14\">\n<li>El juego PoN! La Isla de los Tat\u00fas no ser\u00e1 responsable de los da\u00f1os que el Jugador considere sufrir como resultado del suministro err\u00f3neo de su informaci\u00f3n personal.<\/li>\n\n\n\n<li>El juego PoN! La Isla de los Tat\u00fas mantendr\u00e1 los datos facilitados en su base de datos mientras el Jugador lo permita, pudiendo \u00e9ste, en cualquier momento, darse de baja de la plataforma.<\/li>\n<\/ol>\n\n\n\n<p>15.1. La mera baja no es suficiente para eliminar la informaci\u00f3n de la base de datos. Para ello, el Jugador deber\u00e1 enviar un correo electr\u00f3nico a dki@danishculture.org.br para solicitar la eliminaci\u00f3n total de su informaci\u00f3n.<\/p>\n\n\n\n<p>15.1.1 El juego PoN! La Isla de los Tat\u00fas dispondr\u00e1 de 10 d\u00edas h\u00e1biles para borrar la informaci\u00f3n.<\/p>\n\n\n\n<p>15.2. La informaci\u00f3n facilitada por el Jugador se conservar\u00e1 en el banco de informaci\u00f3n de forma indefinida. La informaci\u00f3n proporcionada por el Jugador se mantendr\u00e1 en el banco de informaci\u00f3n por tiempo indefinido.<\/p>\n\n\n\n<ol class=\"wp-block-list\" start=\"16\">\n<li>El juego \u00a1PoN! La Isla de los Tatus podr\u00e1 modificar esta Pol\u00edtica de Privacidad en cualquier momento, debiendo el Jugador revisarlo regularmente para certificar que est\u00e1 de acuerdo con las condiciones y modificaciones implementadas. El uso de la plataforma implicar\u00e1 la aceptaci\u00f3n de las condiciones<\/li>\n<\/ol>\n\n\n\n<div class=\"wp-block-buttons is-content-justification-center is-layout-flex wp-container-core-buttons-is-layout-16018d1d wp-block-buttons-is-layout-flex\">\n<div class=\"wp-block-button\"><a class=\"wp-block-button__link wp-element-button\" href=\"https:\/\/ilexgames.com.br\/main\/pon-docs\/terminos-de-uso-pon-es\/\">T\u00e9rminos de uso<\/a><\/div>\n<\/div>\n","protected":false},"excerpt":{"rendered":"<p>5.1. La informaci\u00f3n anonimizada no se considera a efectos de la presente pol\u00edtica de privacidad. 10.1 Los datos personales s\u00f3lo se utilizan con fines de acceso e investigaci\u00f3n. Los datos personales solo se utilizan con fines de concesi\u00f3n de acceso e investigaci\u00f3n. 10.2 Los datos personales obtenidos por el juego PoN! no se comercializan. 11.1 &hellip; <\/p>\n<p class=\"link-more\"><a href=\"https:\/\/ilexgames.com.br\/main\/pon-docs\/politica-de-privacidad-pon-es\/\" class=\"more-link\">Continue reading<span class=\"screen-reader-text\"> &#8220;PoN! la Isla de los Tat\u00fas &#8211; Pol\u00edtica de privacidad&#8221;<\/span><\/a><\/p>\n","protected":false},"author":1,"featured_media":0,"parent":180,"menu_order":5,"comment_status":"closed","ping_status":"closed","template":"","meta":{"footnotes":""},"class_list":["post-194","page","type-page","status-publish","hentry"],"_links":{"self":[{"href":"https:\/\/ilexgames.com.br\/main\/wp-json\/wp\/v2\/pages\/194","targetHints":{"allow":["GET"]}}],"collection":[{"href":"https:\/\/ilexgames.com.br\/main\/wp-json\/wp\/v2\/pages"}],"about":[{"href":"https:\/\/ilexgames.com.br\/main\/wp-json\/wp\/v2\/types\/page"}],"author":[{"embeddable":true,"href":"https:\/\/ilexgames.com.br\/main\/wp-json\/wp\/v2\/users\/1"}],"replies":[{"embeddable":true,"href":"https:\/\/ilexgames.com.br\/main\/wp-json\/wp\/v2\/comments?post=194"}],"version-history":[{"count":2,"href":"https:\/\/ilexgames.com.br\/main\/wp-json\/wp\/v2\/pages\/194\/revisions"}],"predecessor-version":[{"id":221,"href":"https:\/\/ilexgames.com.br\/main\/wp-json\/wp\/v2\/pages\/194\/revisions\/221"}],"up":[{"embeddable":true,"href":"https:\/\/ilexgames.com.br\/main\/wp-json\/wp\/v2\/pages\/180"}],"wp:attachment":[{"href":"https:\/\/ilexgames.com.br\/main\/wp-json\/wp\/v2\/media?parent=194"}],"curies":[{"name":"wp","href":"https:\/\/api.w.org\/{rel}","templated":true}]}}