{"id":97,"date":"2019-12-10T16:21:01","date_gmt":"2019-12-10T16:21:01","guid":{"rendered":"https:\/\/ilexgames.com.br\/main\/?page_id=97"},"modified":"2022-02-18T20:57:14","modified_gmt":"2022-02-18T20:57:14","slug":"vaga-estagio-dev-1","status":"publish","type":"page","link":"https:\/\/ilexgames.com.br\/main\/vagas\/vaga-estagio-dev-1\/","title":{"rendered":"Programa\u00e7\u00e3o de Jogos &#8211; Nv.1"},"content":{"rendered":"\n<p>Tem interesse em desenvolver jogos, estuda em algum curso de programa\u00e7\u00e3o ou pr\u00f3ximo e gostaria de trabalhar (remoto) em uma empresa de jogos?<\/p>\n\n\n\n<p>Envie <strong>e-mail com o nome da vaga no assunto<\/strong> do e-mail e com endere\u00e7o de <strong>portif\u00f3lio <\/strong>e <strong>curr\u00edculo <\/strong>para: <a href=\"mailto:contato@ilexgames.com.br\">contato@ilexgames.com.br<\/a> <\/p>\n\n\n\n<h2 class=\"has-vivid-cyan-blue-color has-text-color wp-block-heading\" id=\"requisitos\">Requisitos<\/h2>\n\n\n\n<ul class=\"wp-block-list\"><li>Alguma experi\u00eancia de uso da Unity game engine;<\/li><li>Conhecimento de C#;<\/li><li>Conhecimento de POO (Programa\u00e7\u00e3o Orientada a Objetos);<\/li><li>Conhecimento de estrutura de dados e algoritmos;<\/li><li>J\u00e1 ter utilizado sistema de controle de vers\u00e3o (git, mercurial, svn&#8230;) em algum projeto, mesmo que pessoal;<\/li><li>Forma\u00e7\u00e3o:<ul><li>Ensino superior completo em Ci\u00eancia da Computa\u00e7\u00e3o, Engenharia da Computa\u00e7\u00e3o; tecn\u00f3logo em Jogos Digitais ou \u00e1reas afins; <\/li><li>Ensino superior incompleto, mas cursando o \u00faltimo ano destes cursos; <\/li><li>ou comprova\u00e7\u00e3o de conhecimento da \u00e1rea (jogos feitos em game jam ou independentemente), caso n\u00e3o tenha curso na \u00e1rea;<\/li><\/ul><\/li><li>Ingl\u00eas: leitura\/escrita t\u00e9cnica intermedi\u00e1ria;<\/li><\/ul>\n\n\n\n<h3 class=\"has-vivid-cyan-blue-color has-text-color wp-block-heading\" id=\"responsabilidades\">Responsabilidades<\/h3>\n\n\n\n<ul class=\"wp-block-list\"><li>Desenvolvimento de jogo utilizando a engine Unity;<\/li><li>Comunicar falhas de c\u00f3digo ou processo que atrapalham a execu\u00e7\u00e3o de sua tarefa;<\/li><li>Desenvolver sistemas robustos e modulares para integrar ao resto da equipe;<\/li><li>Documentar o c\u00f3digo produzido para outros programadores;<\/li><li>Revisar ou escrever guias de uso por outras \u00e1reas (deploy, teste ou artistas) do sistema desenvolvido;<\/li><\/ul>\n\n\n\n<h2 class=\"has-vivid-cyan-blue-color has-text-color wp-block-heading\" id=\"bonus-points\">B\u00f4nus Points<\/h2>\n\n\n\n<ul class=\"wp-block-list\"><li>Conhecimento de patterns de programa\u00e7\u00e3o utilizadas em jogos;<\/li><li>Experi\u00eancia b\u00e1sica em linguagem de programa\u00e7\u00e3o C#;<\/li><li>J\u00e1 ter feito a configura\u00e7\u00e3o e deploy de jogos para alguma plataforma, como: Steam, itch.io, Google Play e AppStore;<\/li><li>Participa\u00e7\u00e3o em Game Jams;<\/li><li> Paix\u00e3o por jogos indies;<\/li><li>J\u00e1 ter jogado nossos jogos; <\/li><li>Conhecimentos em sistemas de controle de vers\u00e3o (Git, SVN, etc);<\/li><\/ul>\n","protected":false},"excerpt":{"rendered":"<p>Tem interesse em desenvolver jogos, estuda em algum curso de programa\u00e7\u00e3o ou pr\u00f3ximo e gostaria de trabalhar (remoto) em uma empresa de jogos? Envie e-mail com o nome da vaga no assunto do e-mail e com endere\u00e7o de portif\u00f3lio e curr\u00edculo para: contato@ilexgames.com.br Requisitos Alguma experi\u00eancia de uso da Unity game engine; Conhecimento de C#; &hellip; <\/p>\n<p class=\"link-more\"><a href=\"https:\/\/ilexgames.com.br\/main\/vagas\/vaga-estagio-dev-1\/\" class=\"more-link\">Continue reading<span class=\"screen-reader-text\"> &#8220;Programa\u00e7\u00e3o de Jogos &#8211; Nv.1&#8221;<\/span><\/a><\/p>\n","protected":false},"author":1,"featured_media":0,"parent":93,"menu_order":0,"comment_status":"closed","ping_status":"closed","template":"","meta":{"footnotes":""},"class_list":["post-97","page","type-page","status-publish","hentry"],"_links":{"self":[{"href":"https:\/\/ilexgames.com.br\/main\/wp-json\/wp\/v2\/pages\/97","targetHints":{"allow":["GET"]}}],"collection":[{"href":"https:\/\/ilexgames.com.br\/main\/wp-json\/wp\/v2\/pages"}],"about":[{"href":"https:\/\/ilexgames.com.br\/main\/wp-json\/wp\/v2\/types\/page"}],"author":[{"embeddable":true,"href":"https:\/\/ilexgames.com.br\/main\/wp-json\/wp\/v2\/users\/1"}],"replies":[{"embeddable":true,"href":"https:\/\/ilexgames.com.br\/main\/wp-json\/wp\/v2\/comments?post=97"}],"version-history":[{"count":10,"href":"https:\/\/ilexgames.com.br\/main\/wp-json\/wp\/v2\/pages\/97\/revisions"}],"predecessor-version":[{"id":155,"href":"https:\/\/ilexgames.com.br\/main\/wp-json\/wp\/v2\/pages\/97\/revisions\/155"}],"up":[{"embeddable":true,"href":"https:\/\/ilexgames.com.br\/main\/wp-json\/wp\/v2\/pages\/93"}],"wp:attachment":[{"href":"https:\/\/ilexgames.com.br\/main\/wp-json\/wp\/v2\/media?parent=97"}],"curies":[{"name":"wp","href":"https:\/\/api.w.org\/{rel}","templated":true}]}}